{"id":653,"date":"2023-02-22T11:17:54","date_gmt":"2023-02-22T10:17:54","guid":{"rendered":"https:\/\/www.physiologie1.med.fau.de\/?page_id=653"},"modified":"2025-11-10T11:44:27","modified_gmt":"2025-11-10T10:44:27","slug":"ag-alzheimer-details","status":"publish","type":"page","link":"https:\/\/www.physiologie1.med.fau.de\/en\/ag-alzheimer-details\/","title":{"rendered":"AG Alzheimer \/ Zheng"},"content":{"rendered":"<div class=\"rrze-elements accordion style_default\" id=\"accordion-0\">\n<div class=\"button-container-right\"><button class=\"expand-all standard-btn primary-btn xsmall-btn\" data-status=\"closed\">Expand All<\/button><\/div>\n<p><\/p>\n<div class=\"accordion-group\">\n<h2 class=\"accordion-heading\"><button class=\"accordion-toggle\" data-toggle=\"collapse\"  href=\"#collapse_0\" aria-expanded=\"false\" aria-controls=\"collapse_0\" id=\"collapse_button_0\"> Research and Publications <\/button><\/h2>\n<div id=\"collapse_0\" class=\"accordion-body\" aria-labelledby=\"collapse_button_0\">\n<div class=\"accordion-inner clearfix\">\n<p><strong>Role of activin receptor signaling in hippocampal neurophysiology, in anxiety, depression, stress and in alcohol abuse<\/strong><\/p>\n<p>Activins belong to the transforming growth factor \u03b2 (TGF \u03b2) family and are now recognized as multifunctional regulatory proteins. Whereas we and others have firmly established a neuroprotective role of activin in acute brain injury, it remained unclear whether activin also influences the operation of neuronal circuits under physiological conditions. To elucidate the functions of activin in normal adult brain, S. Werner and her group at the Institute of Molecular Health Sciences (ETH Zurich) generated transgenic mice expressing a dominant-negative mutant of activin receptor IB (dnActRIB) under the control of the CaMKII\u03b1 promoter.<\/p>\n<p>We are currently exploring how activin receptor signaling tunes cellular and network properties underlying cognitive functions and affective behavior. In particular, we are examining<\/p>\n<ul>\n<li>how the pronounced dorsal-to-ventral gradient of activin A shapes the distinct signature properties of dorsal and ventral hippocampus.<\/li>\n<li>how the strong enhancement of activin signaling by enriched environment recalibrates hippocampal networks and affords protection against adolescent stress.<\/li>\n<li>how activin signaling influences the long-term effects of adolescent binge drinking on the adult brain.\n<div class=\"rrze-elements elements-columns \">\n<div class=\"column colspan-1\">\n<figure id=\"attachment_868\" aria-describedby=\"caption-attachment-868\" class=\"wp-caption alignnone\"><img loading=\"lazy\" decoding=\"async\" class=\"wp-image-868 size-large\" src=\"https:\/\/www.physiologie1.med.fau.de\/files\/2023\/04\/alzheimer-1024x568.jpg\" alt=\"Scheamtic of Activin's action on neuronal molecules\" srcset=\"https:\/\/www.physiologie1.med.fau.de\/files\/2023\/04\/alzheimer-1024x568.jpg 1024w, https:\/\/www.physiologie1.med.fau.de\/files\/2023\/04\/alzheimer-300x166.jpg 300w, https:\/\/www.physiologie1.med.fau.de\/files\/2023\/04\/alzheimer-768x426.jpg 768w, https:\/\/www.physiologie1.med.fau.de\/files\/2023\/04\/alzheimer-140x78.jpg 140w, https:\/\/www.physiologie1.med.fau.de\/files\/2023\/04\/alzheimer-433x240.jpg 433w, https:\/\/www.physiologie1.med.fau.de\/files\/2023\/04\/alzheimer-480x266.jpg 480w, https:\/\/www.physiologie1.med.fau.de\/files\/2023\/04\/alzheimer-847x470.jpg 847w, https:\/\/www.physiologie1.med.fau.de\/files\/2023\/04\/alzheimer.jpg 1512w\" \/><figcaption id=\"caption-attachment-868\" class=\"wp-caption-text\">Zheng et al., Neuroforum 2017<\/figcaption><\/figure>\n<\/div>\n<div class=\"column colspan-1\">\n<p>&nbsp;<\/p>\n<figure id=\"attachment_1157\" aria-describedby=\"caption-attachment-1157\" class=\"wp-caption alignnone\"><img loading=\"lazy\" decoding=\"async\" class=\"wp-image-1157 size-medium\" src=\"https:\/\/www.physiologie1.med.fau.de\/files\/2025\/10\/link-240x300.jpg\" alt=\"\" srcset=\"https:\/\/www.physiologie1.med.fau.de\/files\/2025\/10\/link-240x300.jpg 240w, https:\/\/www.physiologie1.med.fau.de\/files\/2025\/10\/link-192x240.jpg 192w, https:\/\/www.physiologie1.med.fau.de\/files\/2025\/10\/link-256x320.jpg 256w, https:\/\/www.physiologie1.med.fau.de\/files\/2025\/10\/link-376x470.jpg 376w, https:\/\/www.physiologie1.med.fau.de\/files\/2025\/10\/link.jpg 493w\" \/><figcaption id=\"caption-attachment-1157\" class=\"wp-caption-text\">Link et al., Front Mol Neurosci, 2016<\/figcaption><\/figure>\n<\/div>\n<\/div>\n<div class=\"rrze-elements elements-columns \">\n<div class=\"column colspan-1\">\n<p>&nbsp;<\/p>\n<figure id=\"attachment_1158\" aria-describedby=\"caption-attachment-1158\" class=\"wp-caption alignnone\"><img loading=\"lazy\" decoding=\"async\" class=\"size-medium wp-image-1158\" src=\"https:\/\/www.physiologie1.med.fau.de\/files\/2025\/10\/dahlmanns-295x300.jpg\" alt=\"\" srcset=\"https:\/\/www.physiologie1.med.fau.de\/files\/2025\/10\/dahlmanns-295x300.jpg 295w, https:\/\/www.physiologie1.med.fau.de\/files\/2025\/10\/dahlmanns-236x240.jpg 236w, https:\/\/www.physiologie1.med.fau.de\/files\/2025\/10\/dahlmanns-314x320.jpg 314w, https:\/\/www.physiologie1.med.fau.de\/files\/2025\/10\/dahlmanns.jpg 341w\" \/><figcaption id=\"caption-attachment-1158\" class=\"wp-caption-text\">Dahlmanns et al., iScience, 2023<\/figcaption><\/figure>\n<\/div>\n<div class=\"column colspan-1\">\n<p>&nbsp;<\/p>\n<figure id=\"attachment_1159\" aria-describedby=\"caption-attachment-1159\" class=\"wp-caption alignnone\"><img loading=\"lazy\" decoding=\"async\" class=\"size-medium wp-image-1159\" src=\"https:\/\/www.physiologie1.med.fau.de\/files\/2025\/10\/schmidt-300x270.png\" alt=\"\" srcset=\"https:\/\/www.physiologie1.med.fau.de\/files\/2025\/10\/schmidt-300x270.png 300w, https:\/\/www.physiologie1.med.fau.de\/files\/2025\/10\/schmidt-267x240.png 267w, https:\/\/www.physiologie1.med.fau.de\/files\/2025\/10\/schmidt-355x320.png 355w, https:\/\/www.physiologie1.med.fau.de\/files\/2025\/10\/schmidt-522x470.png 522w, https:\/\/www.physiologie1.med.fau.de\/files\/2025\/10\/schmidt.png 734w\" \/><figcaption id=\"caption-attachment-1159\" class=\"wp-caption-text\">Schmidt et al., Hippocampus 2022<\/figcaption><\/figure>\n<\/div>\n<\/div>\n<\/li>\n<\/ul>\n<p><u>Selected publications<\/u><\/p>\n<ul>\n<li>Tretter YP, Hertel M, Munz B, ten Bruggencate G, Werner S and Alzheimer C: Induction of activin A is essential for the neuroprotective action of bFGF in vivo. <em>Nature Med 6: <\/em>812-815, 2000.<\/li>\n<li>M\u00fcller M, Zheng F, Werner S and Alzheimer C. Transgenic mice expressing dominant-negative activin receptor IB in forebrain neurons reveal novel functions of activin at glutamatergic synapses. <em>J Biol Chem<\/em> 281:29076-29084, 2006.<\/li>\n<li>Zheng F, Adelsberger H, M\u00fcller MR, Fritschy J-M, Werner S and Alzheimer C: Activin tunes GABAergic neurotransmission and modulates anxiety-like behavior. <em>Mol Psychiatry <\/em>14:332-346, 2009.<\/li>\n<li>Krieglstein K, Zheng F, Unsicker K and Alzheimer C. More than being protective: functional roles for TGF-\u03b2\/activin signaling pathways at central synapses. <em>Trends Neurosci <\/em>34: 421-429, 2011.<\/li>\n<li>Link AS, Kurinna S, Havlicek S, Lehnert S, Reichel M, Kornhuber J, Winner B, Huth T, Zheng F, Werner S, Alzheimer C. Kdm6b and Pmepa1 as targets of bioelectrically and behaviorally induced activin A signaling. <em>Mol Neurobiol<\/em> 53:4210-4225, 2016.<\/li>\n<li>Schmidt CC, Zheng F, Alzheimer C. Activin A regulates the excitability of hippocampal mossy cells. <em>Hippocampus <\/em>32:401-410, 2022.<\/li>\n<li>Dahlmanns M, Jana Katharina DahlmannsJK, Valero-Aracama MJ, Zheng F, AlzheimerC. Environmental enrichment recruits activin A to recalibrate neural activity in mouse hippocampus. <em>Cerebral Cortex <\/em>33: 663-675, 2023.<\/li>\n<li>Dahlmanns M, Valero-Aracama MJ, Dahlmanns JK, Zheng F, Alzheimer C. Tonic activin signaling shapes cellular and synaptic properties of CA1 neurons mainly in dorsal hippocampus. <em>iScience<\/em> doi: 10.1016\/j.isci.2023.108001, 2023.<\/li>\n<li>St\u00fcrzenberger S, B\u00fclow N, Kalinichenko LS, Licha R, Eulenburg V, Dahlmanns M, M\u00fcller CP, Zheng F, Alzheimer C. Heavy adolescent drinking makes the adult brain more vulnerable to ethanol by permanently altering the age-dependent interplay between alcohol, GIRK channels and activin. <em>Mol Psychiatry<\/em> Epub ahead of print, org\/10.1038\/s41380-025-03210-x, 2025.<\/li>\n<\/ul>\n<p>&nbsp;<\/p>\n<p><strong>Neuropsychiatric disease models, mechanisms of drug action and cryopreservation of brain tissue<\/strong><\/p>\n<p>In collaboration with <strong><em>Christian P. M\u00fcller and Johannes Kornhuber<\/em><\/strong> (Dept. of Psychiatry, University Hospital Erlangen), we are exploring mechanisms of drug action in animal models of neuropsychiatric diseases.<\/p>\n<p>In collaboration with <strong><em>Alex German<\/em><\/strong> (Molecular Neurology, University Hospital Erlangen), we are examining functional recovery of adult mouse hippocampus after cryopreservation by vitrification.<\/p>\n<p><u>Selected publications<\/u><\/p>\n<ul>\n<li>Tischbirek CH, Wenzel EM, Zheng F, Huth T, Amato D, Trapp S, Denker A, Welzel O, Lueke K, Svetlitchny A, Rauh M, Deusser J, Schwab A, Rizzoli SO, Henkel AW, M\u00fcller CP, Alzheimer C, Kornhuber J, Groemer TW. Use-dependent inhibition of synaptic transmission by the secretion of intravesicularly accumulated antipsychotic drugs. <em>Neuron<\/em> 74:830-844, 2012.<\/li>\n<li>Groos D, Zheng F, Rauh M, Quinger B, Kornhuber J, M\u00fcller CP, Alzheimer C. Chronic antipsychotic treatment targets GIRK current suppression, loss of LTD, and behavioral sensitization in a mouse model of amphetamine psychosis. <em>J Psychopharmacol<\/em> 33: 74-85, 2019.<\/li>\n<li>Amato D, Canneva F, Cumming P, Maschauer S, Groos D, Wrosch J, Groemer T, Chiofalo L, Dahlmanns M, Zheng F, Kornhuber J, Prante O, Alzheimer C, von H\u00f6rsten S, M\u00fcller CP. A dopaminergic mechanism of antipsychotic drug efficacy, failure, and failure reversal: the role of the dopamine transporter. <em>Mol Psychiatry<\/em> 25: 2101-2118, 2020<\/li>\n<li>El Hamdaoui Y, Zheng F, Fritz N, Ye L, Anh Tran M, Schwickert K, Schirmeister T, Braeuning A, Lichtenstein D, Hellmich UA, Weikert D, Heinrich M, Treccani G, Sch\u00e4fer MKE, Nowak G, N\u00fcrnberg B, Alzheimer C, M\u00fcller CP, Friedland K. Analysis of hyperforin (St. John\u2019s wort) action at TRPC6 channel leads to the development of a new class of antidepressant drugs. <em>Mol Psychiatry<\/em> 27: 5070-5085, 2022.<\/li>\n<li>German A, Ya\u011f\u0131z Akda\u015f E, Fl\u00fcgel-Koch C, Fejtova A, Wink\u00adler J, Alzheimer C, Zheng F. Functional recovery of the adult murine hippocampus after cryopreservation by vitrification<em>. bioRxiv<\/em>, https:\/\/doi.org\/10.1101\/2025.01.22.634384.<\/li>\n<\/ul>\n<p><strong><a href=\"https:\/\/orcid.org\/0000-0002-5699-8063\">Fang Zheng: Complete list of publications on ORCID<\/a> <\/strong><\/p>\n<p><a href=\"https:\/\/pubmed.ncbi.nlm.nih.gov\/?term=Alzheimer+C&amp;cauthor_id=27253079\"><strong>Christian Alzheimer: Complete list of publications on PubMed<\/strong><\/a><\/p>\n<\/div>\n<\/div>\n<\/div>\n<p><\/p>\n<div class=\"accordion-group\">\n<h2 class=\"accordion-heading\"><button class=\"accordion-toggle\" data-toggle=\"collapse\"  href=\"#collapse_1\" aria-expanded=\"false\" aria-controls=\"collapse_1\" id=\"collapse_button_1\"> Team <\/button><\/h2>\n<div id=\"collapse_1\" class=\"accordion-body\" aria-labelledby=\"collapse_button_1\">\n<div class=\"accordion-inner clearfix\">\n<div class=\"fau-person thumb-size-medium border\" itemscope itemtype=\"http:\/\/schema.org\/Person\">\n<div class=\"row\">\n<figure itemprop=\"image\" class=\"person-thumb\" aria-hidden=\"true\" role=\"presentation\" itemtype=\"http:\/\/schema.org\/ImageObject\"><a href=\"https:\/\/www.physiologie1.med.fau.de\/en\/person\/prof-dr-christian-alzheimer\/\" tabindex=\"-1\"><img loading=\"lazy\" decoding=\"async\" src=\"https:\/\/www.physiologie1.med.fau.de\/files\/2023\/02\/christian_alzheimer-120x160.jpg\" itemprop=\"contentUrl\" alt=\"Prof. Dr. Christian Alzheimer\" srcset=\"https:\/\/www.physiologie1.med.fau.de\/files\/2023\/02\/christian_alzheimer-120x160.jpg 120w, https:\/\/www.physiologie1.med.fau.de\/files\/2023\/02\/christian_alzheimer-240x320.jpg 240w\"><\/a><meta itemprop=\"identifier\" content=\"https:\/\/www.physiologie1.med.fau.de\/en\/person\/prof-dr-christian-alzheimer\/\"><meta itemprop=\"width\" content=\"120\"><meta itemprop=\"height\" content=\"160\"><\/figure>\n<div class=\"person-default-thumb\">\n<h3><a href=\"https:\/\/www.physiologie1.med.fau.de\/en\/person\/prof-dr-christian-alzheimer\/\"><span itemprop=\"name\"><span itemprop=\"honorificPrefix\">Prof. Dr.<\/span> <span class=\"fullname\"><span itemprop=\"givenName\">Christian<\/span> <span itemprop=\"familyName\">Alzheimer<\/span><\/span><\/span><\/a><\/h3>\n<div class=\"person-info\"><span class=\"person-info-position\" itemprop=\"jobTitle\">Director<\/span><br><\/p>\n<p itemprop=\"worksFor\" itemtype=\"http:\/\/schema.org\/Organization\"><span itemprop=\"name\">Institute of Physiology and Pathophysiology<\/span><br><\/p>\n<ul class=\"contactlist\">\n<li class=\"person-info-email email\"><span class=\"screen-reader-text\">E-Mail: <\/span><a itemprop=\"email\" href=\"mailto:christian.alzheimer@fau.de\">christian.alzheimer@fau.de<\/a><\/li>\n<\/ul>\n<\/div>\n<\/div>\n<\/div>\n<\/div>\n<div class=\"fau-person thumb-size-medium border\" itemscope itemtype=\"http:\/\/schema.org\/Person\">\n<div class=\"row\">\n<figure itemprop=\"image\" class=\"person-thumb\" aria-hidden=\"true\" role=\"presentation\" itemtype=\"http:\/\/schema.org\/ImageObject\"><a href=\"https:\/\/www.physiologie1.med.fau.de\/en\/person\/dr-fang-zheng\/\" tabindex=\"-1\"><img loading=\"lazy\" decoding=\"async\" src=\"https:\/\/www.physiologie1.med.fau.de\/files\/2023\/01\/zheng-120x160.jpg\" itemprop=\"contentUrl\" alt=\"Dr. Fang Zheng\" srcset=\"https:\/\/www.physiologie1.med.fau.de\/files\/2023\/01\/zheng-120x160.jpg 120w, https:\/\/www.physiologie1.med.fau.de\/files\/2023\/01\/zheng-82x110.jpg 82w, https:\/\/www.physiologie1.med.fau.de\/files\/2023\/01\/zheng-179x240.jpg 179w, https:\/\/www.physiologie1.med.fau.de\/files\/2023\/01\/zheng.jpg 200w\"><\/a><meta itemprop=\"identifier\" content=\"https:\/\/www.physiologie1.med.fau.de\/en\/person\/dr-fang-zheng\/\"><meta itemprop=\"width\" content=\"120\"><meta itemprop=\"height\" content=\"160\"><\/figure>\n<div class=\"person-default-thumb\">\n<h3><a href=\"https:\/\/www.physiologie1.med.fau.de\/en\/person\/dr-fang-zheng\/\"><span itemprop=\"name\"><span itemprop=\"honorificPrefix\">Dr.<\/span> <span class=\"fullname\"><span itemprop=\"givenName\">Fang<\/span> <span itemprop=\"familyName\">Zheng<\/span><\/span><\/span><\/a><\/h3>\n<div class=\"person-info\"><span class=\"person-info-position\" itemprop=\"jobTitle\">Group Leader<\/span><br><\/p>\n<p itemprop=\"worksFor\" itemtype=\"http:\/\/schema.org\/Organization\"><span itemprop=\"department\">AG Alzheimer \/ Zheng<\/span><br><\/p>\n<ul class=\"contactlist\">\n<li class=\"person-info-phone telephone\"><span class=\"screen-reader-text\">Telefon: <\/span><a itemprop=\"telephone\" href=\"tel:+49913185-29300\">+49913185-29300<\/a><\/li>\n<li class=\"person-info-email email\"><span class=\"screen-reader-text\">E-Mail: <\/span><a itemprop=\"email\" href=\"mailto:fang.zheng@fau.de\">fang.zheng@fau.de<\/a><\/li>\n<\/ul>\n<\/div>\n<\/div>\n<\/div>\n<\/div>\n<div class=\"fau-person thumb-size-medium border\" itemscope itemtype=\"http:\/\/schema.org\/Person\">\n<div class=\"row\">\n<figure itemprop=\"image\" class=\"person-thumb\" aria-hidden=\"true\" role=\"presentation\" itemtype=\"http:\/\/schema.org\/ImageObject\"><a href=\"https:\/\/www.physiologie1.med.fau.de\/en\/person\/dr-maria-valero-aracama\/\" tabindex=\"-1\"><img loading=\"lazy\" decoding=\"async\" src=\"https:\/\/www.physiologie1.med.fau.de\/files\/2023\/01\/dummy-120x160.png\" itemprop=\"contentUrl\" alt=\"Dr. Maria Valero Aracama\" srcset=\"https:\/\/www.physiologie1.med.fau.de\/files\/2023\/01\/dummy-120x160.png 120w, https:\/\/www.physiologie1.med.fau.de\/files\/2023\/01\/dummy-240x320.png 240w\"><\/a><meta itemprop=\"identifier\" content=\"https:\/\/www.physiologie1.med.fau.de\/en\/person\/dr-maria-valero-aracama\/\"><meta itemprop=\"width\" content=\"120\"><meta itemprop=\"height\" content=\"160\"><\/figure>\n<div class=\"person-default-thumb\">\n<h3><a href=\"https:\/\/www.physiologie1.med.fau.de\/en\/person\/dr-maria-valero-aracama\/\"><span itemprop=\"name\"><span itemprop=\"honorificPrefix\">Dr.<\/span> <span class=\"fullname\"><span itemprop=\"givenName\">Maria<\/span> <span itemprop=\"familyName\">Valero Aracama<\/span><\/span><\/span><\/a><\/h3>\n<div class=\"person-info\"><span class=\"person-info-position\" itemprop=\"jobTitle\">Post-doc<\/span><br><\/p>\n<p itemprop=\"worksFor\" itemtype=\"http:\/\/schema.org\/Organization\"><span itemprop=\"department\">AG Alzheimer \/ Zheng<\/span><br><\/p>\n<ul class=\"contactlist\">\n<li class=\"person-info-phone telephone\"><span class=\"screen-reader-text\">Telefon: <\/span><a itemprop=\"telephone\" href=\"tel:+49913185-29300\">+49913185-29300<\/a><\/li>\n<li class=\"person-info-email email\"><span class=\"screen-reader-text\">E-Mail: <\/span><a itemprop=\"email\" href=\"mailto:maria.valero.aracama@fau.de\">maria.valero.aracama@fau.de<\/a><\/li>\n<\/ul>\n<\/div>\n<\/div>\n<\/div>\n<\/div>\n<div class=\"fau-person thumb-size-medium border\" itemscope itemtype=\"http:\/\/schema.org\/Person\">\n<div class=\"row\">\n<figure itemprop=\"image\" class=\"person-thumb\" aria-hidden=\"true\" role=\"presentation\" itemtype=\"http:\/\/schema.org\/ImageObject\"><a href=\"https:\/\/www.physiologie1.med.fau.de\/en\/person\/nadja-treiber\/\" tabindex=\"-1\"><img loading=\"lazy\" decoding=\"async\" src=\"https:\/\/www.physiologie1.med.fau.de\/files\/2023\/03\/nadja_treiber-120x160.jpg\" itemprop=\"contentUrl\" alt=\"Nadja Treiber\" srcset=\"https:\/\/www.physiologie1.med.fau.de\/files\/2023\/03\/nadja_treiber-120x160.jpg 120w, https:\/\/www.physiologie1.med.fau.de\/files\/2023\/03\/nadja_treiber-240x320.jpg 240w\"><\/a><meta itemprop=\"identifier\" content=\"https:\/\/www.physiologie1.med.fau.de\/en\/person\/nadja-treiber\/\"><meta itemprop=\"width\" content=\"120\"><meta itemprop=\"height\" content=\"160\"><\/figure>\n<div class=\"person-default-thumb\">\n<h3><a href=\"https:\/\/www.physiologie1.med.fau.de\/en\/person\/nadja-treiber\/\"><span itemprop=\"name\"><span class=\"fullname\"><span itemprop=\"givenName\">Nadja<\/span> <span itemprop=\"familyName\">Treiber<\/span><\/span><\/span><\/a><\/h3>\n<div class=\"person-info\"><span class=\"person-info-position\" itemprop=\"jobTitle\">PhD student<\/span><br><\/p>\n<p itemprop=\"worksFor\" itemtype=\"http:\/\/schema.org\/Organization\"><span itemprop=\"department\">AG Alzheimer \/ Zheng<\/span><br><\/p>\n<\/div>\n<\/div>\n<\/div>\n<\/div>\n<div class=\"fau-person thumb-size-medium border\" itemscope itemtype=\"http:\/\/schema.org\/Person\">\n<div class=\"row\">\n<figure itemprop=\"image\" class=\"person-thumb\" aria-hidden=\"true\" role=\"presentation\" itemtype=\"http:\/\/schema.org\/ImageObject\"><a href=\"https:\/\/www.physiologie1.med.fau.de\/en\/person\/paul-schmud-von-trzebiatowski\/\" tabindex=\"-1\"><img loading=\"lazy\" decoding=\"async\" src=\"https:\/\/www.physiologie1.med.fau.de\/files\/2023\/01\/dummy-120x160.png\" itemprop=\"contentUrl\" alt=\"Paul Schmud von Trzebiatowski\" srcset=\"https:\/\/www.physiologie1.med.fau.de\/files\/2023\/01\/dummy-120x160.png 120w, https:\/\/www.physiologie1.med.fau.de\/files\/2023\/01\/dummy-240x320.png 240w\"><\/a><meta itemprop=\"identifier\" content=\"https:\/\/www.physiologie1.med.fau.de\/en\/person\/paul-schmud-von-trzebiatowski\/\"><meta itemprop=\"width\" content=\"120\"><meta itemprop=\"height\" content=\"160\"><\/figure>\n<div class=\"person-default-thumb\">\n<h3><a href=\"https:\/\/www.physiologie1.med.fau.de\/en\/person\/paul-schmud-von-trzebiatowski\/\"><span itemprop=\"name\"><span class=\"fullname\"><span itemprop=\"givenName\">Paul<\/span> <span itemprop=\"familyName\">Schmuda von Trzebiatowski<\/span><\/span><\/span><\/a><\/h3>\n<div class=\"person-info\"><span class=\"person-info-position\" itemprop=\"jobTitle\">doctoral student, cand. med.<\/span><br><\/p>\n<p itemprop=\"worksFor\" itemtype=\"http:\/\/schema.org\/Organization\"><span itemprop=\"department\">AG Alzheimer \/ Zheng<\/span><br><\/p>\n<\/div>\n<\/div>\n<\/div>\n<\/div>\n<div class=\"fau-person thumb-size-medium border\" itemscope itemtype=\"http:\/\/schema.org\/Person\">\n<div class=\"row\">\n<figure itemprop=\"image\" class=\"person-thumb\" aria-hidden=\"true\" role=\"presentation\" itemtype=\"http:\/\/schema.org\/ImageObject\"><a href=\"https:\/\/www.physiologie1.med.fau.de\/en\/person\/sophia-stuerzenberger\/\" tabindex=\"-1\"><img loading=\"lazy\" decoding=\"async\" src=\"https:\/\/www.physiologie1.med.fau.de\/files\/2023\/01\/dummy-120x160.png\" itemprop=\"contentUrl\" alt=\"Sophia St\u00fcrzenberger\" srcset=\"https:\/\/www.physiologie1.med.fau.de\/files\/2023\/01\/dummy-120x160.png 120w, https:\/\/www.physiologie1.med.fau.de\/files\/2023\/01\/dummy-240x320.png 240w\"><\/a><meta itemprop=\"identifier\" content=\"https:\/\/www.physiologie1.med.fau.de\/en\/person\/sophia-stuerzenberger\/\"><meta itemprop=\"width\" content=\"120\"><meta itemprop=\"height\" content=\"160\"><\/figure>\n<div class=\"person-default-thumb\">\n<h3><a href=\"https:\/\/www.physiologie1.med.fau.de\/en\/person\/sophia-stuerzenberger\/\"><span itemprop=\"name\"><span class=\"fullname\"><span itemprop=\"givenName\">Sophia<\/span> <span itemprop=\"familyName\">St\u00fcrzenberger<\/span><\/span><\/span><\/a><\/h3>\n<div class=\"person-info\"><span class=\"person-info-position\" itemprop=\"jobTitle\">doctoral student, cand. med.<\/span><br><\/p>\n<p itemprop=\"worksFor\" itemtype=\"http:\/\/schema.org\/Organization\"><span itemprop=\"department\">AG Alzheimer \/ Zheng<\/span><br><\/p>\n<\/div>\n<\/div>\n<\/div>\n<\/div>\n<div class=\"fau-person thumb-size-medium border\" itemscope itemtype=\"http:\/\/schema.org\/Person\">\n<div class=\"row\">\n<figure itemprop=\"image\" class=\"person-thumb\" aria-hidden=\"true\" role=\"presentation\" itemtype=\"http:\/\/schema.org\/ImageObject\"><a href=\"https:\/\/www.physiologie1.med.fau.de\/person\/luisa-theissen\/\" tabindex=\"-1\"><img loading=\"lazy\" decoding=\"async\" src=\"https:\/\/www.physiologie1.med.fau.de\/files\/2023\/01\/dummy-120x160.png\" itemprop=\"contentUrl\" alt=\"Luisa Theissen\" srcset=\"https:\/\/www.physiologie1.med.fau.de\/files\/2023\/01\/dummy-120x160.png 120w, https:\/\/www.physiologie1.med.fau.de\/files\/2023\/01\/dummy-240x320.png 240w\"><\/a><meta itemprop=\"identifier\" content=\"https:\/\/www.physiologie1.med.fau.de\/person\/luisa-theissen\/\"><meta itemprop=\"width\" content=\"120\"><meta itemprop=\"height\" content=\"160\"><\/figure>\n<div class=\"person-default-thumb\">\n<h3><a href=\"https:\/\/www.physiologie1.med.fau.de\/person\/luisa-theissen\/\"><span itemprop=\"name\"><span class=\"fullname\"><span itemprop=\"givenName\">Luisa<\/span> <span itemprop=\"familyName\">Theissen<\/span><\/span><\/span><\/a><\/h3>\n<div class=\"person-info\"><span class=\"person-info-position\" itemprop=\"jobTitle\">B. Sc. student<\/span><br><\/p>\n<p itemprop=\"worksFor\" itemtype=\"http:\/\/schema.org\/Organization\"><span itemprop=\"name\">AG Alzheimer \/ Zheng<\/span><br><\/p>\n<\/div>\n<\/div>\n<\/div>\n<\/div>\n<\/div>\n<\/div>\n<\/div>\n<p>\n<\/div>\n\n<p>&nbsp;<\/p>\n","protected":false},"excerpt":{"rendered":"<p>&nbsp;<\/p>\n","protected":false},"author":4206,"featured_media":0,"parent":0,"menu_order":0,"comment_status":"closed","ping_status":"closed","template":"","meta":{"_rrze_cache":"enabled","_rrze_multilang_single_locale":"en_US","_rrze_multilang_single_source":"https:\/\/www.physiologie1.med.fau.de\/?page_id=447","footnotes":""},"page_category":[32],"page_tag":[],"class_list":["post-653","page","type-page","status-publish","hentry","page_category-general","en-US"],"_links":{"self":[{"href":"https:\/\/www.physiologie1.med.fau.de\/wp-json\/wp\/v2\/pages\/653","targetHints":{"allow":["GET"]}}],"collection":[{"href":"https:\/\/www.physiologie1.med.fau.de\/wp-json\/wp\/v2\/pages"}],"about":[{"href":"https:\/\/www.physiologie1.med.fau.de\/wp-json\/wp\/v2\/types\/page"}],"author":[{"embeddable":true,"href":"https:\/\/www.physiologie1.med.fau.de\/wp-json\/wp\/v2\/users\/4206"}],"replies":[{"embeddable":true,"href":"https:\/\/www.physiologie1.med.fau.de\/wp-json\/wp\/v2\/comments?post=653"}],"version-history":[{"count":10,"href":"https:\/\/www.physiologie1.med.fau.de\/wp-json\/wp\/v2\/pages\/653\/revisions"}],"predecessor-version":[{"id":1232,"href":"https:\/\/www.physiologie1.med.fau.de\/wp-json\/wp\/v2\/pages\/653\/revisions\/1232"}],"wp:attachment":[{"href":"https:\/\/www.physiologie1.med.fau.de\/wp-json\/wp\/v2\/media?parent=653"}],"wp:term":[{"taxonomy":"page_category","embeddable":true,"href":"https:\/\/www.physiologie1.med.fau.de\/wp-json\/wp\/v2\/page_category?post=653"},{"taxonomy":"page_tag","embeddable":true,"href":"https:\/\/www.physiologie1.med.fau.de\/wp-json\/wp\/v2\/page_tag?post=653"}],"curies":[{"name":"wp","href":"https:\/\/api.w.org\/{rel}","templated":true}]}}